{"id":570,"date":"2017-10-04T14:18:10","date_gmt":"2017-10-04T14:18:10","guid":{"rendered":"https:\/\/toolkit.hivjusticeworldwide.org\/?page_id=570\/"},"modified":"2018-12-06T09:32:38","modified_gmt":"2018-12-06T09:32:38","slug":"about","status":"publish","type":"page","link":"https:\/\/toolkit.hivjusticeworldwide.org\/fr\/about\/","title":{"rendered":"En savoir plus"},"content":{"rendered":"<p>La bo\u00eete \u00e0 outils du HIV Justice Network vise \u00e0 aider les intervenants \u00e0 s&#8217;opposer \u00e0 la criminalisation du VIH \u00e0 tous les niveaux &#8211; de l&#8217;\u00e9ducation des communaut\u00e9s et des l\u00e9gislateurs \u00e0 la d\u00e9fense des individuels.\u00a0Elle comprend des ressources vari\u00e9es issues du monde entier qui, nous l&#8217;esp\u00e9rons, vous seront utiles quels que soient vos objectifs de plaidoyer ou les personnes que vous visez (comme par exemple les l\u00e9gislateurs, les procureurs, les juges, la police\u00a0ou les m\u00e9dias).<\/p>\n<figure id=\"attachment_401\" aria-describedby=\"caption-attachment-401\" style=\"width: 467px\" class=\"wp-caption aligncenter\"><img loading=\"lazy\" class=\"wp-image-401\" src=\"https:\/\/toolkit.hivjusticeworldwide.org\/wp-content\/uploads\/2017\/01\/AdvocacyTargets-1024x755.jpg\" width=\"467\" height=\"345\" srcset=\"https:\/\/toolkit.hivjusticeworldwide.org\/wp-content\/uploads\/2017\/01\/AdvocacyTargets-1024x755.jpg 1024w, https:\/\/toolkit.hivjusticeworldwide.org\/wp-content\/uploads\/2017\/01\/AdvocacyTargets-300x221.jpg 300w, https:\/\/toolkit.hivjusticeworldwide.org\/wp-content\/uploads\/2017\/01\/AdvocacyTargets-768x567.jpg 768w, https:\/\/toolkit.hivjusticeworldwide.org\/wp-content\/uploads\/2017\/01\/AdvocacyTargets-1200x885.jpg 1200w\" sizes=\"(max-width: 467px) 100vw, 467px\" \/><figcaption id=\"caption-attachment-401\" class=\"wp-caption-text\">Cibles potentielles de plaidoyer\u00a0contre la criminalisation du VIH:\u00a0\u00a0<a href=\"http:\/\/www.hivjustice.net\/advancing2\">GNP+\/HJN Advancing HIV Justice 2 report<\/a><\/figcaption><\/figure>\n<p>Si vous trouvez la bo\u00eete \u00e0 outils utile et \/ ou si vous avez des ressources \u00e0 y ajouter, veuillez <a href=\"http:\/\/www.hivjusticeworldwide.org\/en\/about\/contact-us\/\">nous contacter<\/a>.<\/p>\n<p>Il existe\u00a0\u00e9galement une\u00a0<a href=\"https:\/\/toolkit.hivjusticeworldwide.org\/\">version anglaise<\/a> de cette\u00a0bo\u00eete \u00e0 outils, o\u00f9 un grand nombre de documents suppl\u00e9mentaires sont accessibles.<\/p>\n<p>&nbsp;<\/p>\n<p>CR\u00c9DITS<\/p>\n<p>D\u00e9velopp\u00e9e par\u00a0l&#8217;\u00e9quipe du\u00a0<a href=\"http:\/\/www.hivjustice.net\">HIV Justice Network (HJN)<\/a>, avec la participation et l&#8217;aide du r\u00e9seau francophone de HIV JUSTICE WORLDWIDE.<\/p>\n<p>Merci \u00e9galement aux membres du <a href=\"http:\/\/www.hivjusticeworldwide.org\/fr\/qui-sommes-nous\/le-comite-directeur\/\">Comit\u00e9 de\u00a0direction de HIV JUSTICE WORLDWIDE<\/a> pour leur soutien et leurs contributions suppl\u00e9mentaires.<\/p>\n<p>Conception Web: Thomas Patterson \/ NAM<\/p>\n<p>Soutenue par une subvention du\u00a0<a href=\"http:\/\/www.robertcarrfund.org\/\" target=\"_blank\">Robert Carr Fund<\/a>.<\/p>\n","protected":false},"excerpt":{"rendered":"<p>La bo\u00eete \u00e0 outils du HIV Justice Network vise \u00e0 aider les intervenants \u00e0 s&#8217;opposer \u00e0 la criminalisation du VIH \u00e0 tous les niveaux &#8211; de l&#8217;\u00e9ducation des communaut\u00e9s et des l\u00e9gislateurs \u00e0 la d\u00e9fense des individuels.\u00a0Elle comprend des ressources vari\u00e9es issues du monde entier qui, nous l&#8217;esp\u00e9rons, vous seront utiles quels que soient vos [&hellip;]<\/p>\n","protected":false},"author":1,"featured_media":0,"parent":0,"menu_order":0,"comment_status":"closed","ping_status":"closed","template":"","meta":[],"_links":{"self":[{"href":"https:\/\/toolkit.hivjusticeworldwide.org\/fr\/wp-json\/wp\/v2\/pages\/570"}],"collection":[{"href":"https:\/\/toolkit.hivjusticeworldwide.org\/fr\/wp-json\/wp\/v2\/pages"}],"about":[{"href":"https:\/\/toolkit.hivjusticeworldwide.org\/fr\/wp-json\/wp\/v2\/types\/page"}],"author":[{"embeddable":true,"href":"https:\/\/toolkit.hivjusticeworldwide.org\/fr\/wp-json\/wp\/v2\/users\/1"}],"replies":[{"embeddable":true,"href":"https:\/\/toolkit.hivjusticeworldwide.org\/fr\/wp-json\/wp\/v2\/comments?post=570"}],"version-history":[{"count":10,"href":"https:\/\/toolkit.hivjusticeworldwide.org\/fr\/wp-json\/wp\/v2\/pages\/570\/revisions"}],"predecessor-version":[{"id":1072,"href":"https:\/\/toolkit.hivjusticeworldwide.org\/fr\/wp-json\/wp\/v2\/pages\/570\/revisions\/1072"}],"wp:attachment":[{"href":"https:\/\/toolkit.hivjusticeworldwide.org\/fr\/wp-json\/wp\/v2\/media?parent=570"}],"curies":[{"name":"wp","href":"https:\/\/api.w.org\/{rel}","templated":true}]}}