{"id":567,"date":"2017-10-04T14:17:06","date_gmt":"2017-10-04T14:17:06","guid":{"rendered":"https:\/\/toolkit.hivjusticeworldwide.org\/?page_id=567\/"},"modified":"2018-12-17T11:00:24","modified_gmt":"2018-12-17T11:00:24","slug":"home-fr","status":"publish","type":"page","link":"https:\/\/toolkit.hivjusticeworldwide.org\/fr\/","title":{"rendered":"Page d&#8217;accueil"},"content":{"rendered":"<p>Acc\u00e9dez \u00e0 la bo\u00eete \u00e0 outils en cliquant sur l&#8217;une des cases ci-dessous, ou effectuez une recherche en utilisant des mots-cl\u00e9s et en cliquant sur la loupe dans le coin sup\u00e9rieur droit.<\/p>\n<p>Vous pouvez enregistrer autant d&#8217;\u00e9l\u00e9ments que vous le souhaitez dans votre bibliographie personnalis\u00e9e qui peut \u00eatre t\u00e9l\u00e9charg\u00e9e, envoy\u00e9e par e-mail ou partag\u00e9e.<\/p>\n<p>Il existe\u00a0\u00e9galement une\u00a0<span style=\"text-decoration: underline;\"><span style=\"color: #476894;\"><a style=\"color: #476894; text-decoration: underline;\" href=\"https:\/\/toolkit.hivjusticeworldwide.org\/\">version anglaise<\/a><\/span><\/span>\u00a0de cette\u00a0bo\u00eete \u00e0 outils,\u00a0dans laquelle un grand nombre de documents suppl\u00e9mentaires sont accessibles.<\/p>\n","protected":false},"excerpt":{"rendered":"<p>Acc\u00e9dez \u00e0 la bo\u00eete \u00e0 outils en cliquant sur l&#8217;une des cases ci-dessous, ou effectuez une recherche en utilisant des mots-cl\u00e9s et en cliquant sur la loupe dans le coin sup\u00e9rieur droit. Vous pouvez enregistrer autant d&#8217;\u00e9l\u00e9ments que vous le souhaitez dans votre bibliographie personnalis\u00e9e qui peut \u00eatre t\u00e9l\u00e9charg\u00e9e, envoy\u00e9e par e-mail ou partag\u00e9e. Il [&hellip;]<\/p>\n","protected":false},"author":1,"featured_media":0,"parent":0,"menu_order":0,"comment_status":"closed","ping_status":"open","template":"page-home.php","meta":[],"_links":{"self":[{"href":"https:\/\/toolkit.hivjusticeworldwide.org\/fr\/wp-json\/wp\/v2\/pages\/567"}],"collection":[{"href":"https:\/\/toolkit.hivjusticeworldwide.org\/fr\/wp-json\/wp\/v2\/pages"}],"about":[{"href":"https:\/\/toolkit.hivjusticeworldwide.org\/fr\/wp-json\/wp\/v2\/types\/page"}],"author":[{"embeddable":true,"href":"https:\/\/toolkit.hivjusticeworldwide.org\/fr\/wp-json\/wp\/v2\/users\/1"}],"replies":[{"embeddable":true,"href":"https:\/\/toolkit.hivjusticeworldwide.org\/fr\/wp-json\/wp\/v2\/comments?post=567"}],"version-history":[{"count":10,"href":"https:\/\/toolkit.hivjusticeworldwide.org\/fr\/wp-json\/wp\/v2\/pages\/567\/revisions"}],"predecessor-version":[{"id":1079,"href":"https:\/\/toolkit.hivjusticeworldwide.org\/fr\/wp-json\/wp\/v2\/pages\/567\/revisions\/1079"}],"wp:attachment":[{"href":"https:\/\/toolkit.hivjusticeworldwide.org\/fr\/wp-json\/wp\/v2\/media?parent=567"}],"curies":[{"name":"wp","href":"https:\/\/api.w.org\/{rel}","templated":true}]}}