{"id":931,"date":"2018-09-14T14:15:23","date_gmt":"2018-09-14T14:15:23","guid":{"rendered":"https:\/\/toolkit.hivjusticeworldwide.org\/?page_id=931\/"},"modified":"2018-09-14T14:15:23","modified_gmt":"2018-09-14T14:15:23","slug":"sobre-esta-herramienta","status":"publish","type":"page","link":"https:\/\/toolkit.hivjusticeworldwide.org\/es\/sobre-esta-herramienta\/","title":{"rendered":"Sobre esta Herramienta"},"content":{"rendered":"<p>Esta Herramienta de HIV Justice tiene como objetivo apoyar los esfuerzos de incidencia que se oponen a la criminalizaci\u00f3n del VIH a todos los niveles (desde la educaci\u00f3n de comunidades y legisladores hasta la defensa de casos individuales). Aqu\u00ed se pueden encontrar todo tipo de recursos procedentes de todo el mundo, que esperamos resulten de utilidad seg\u00fan los objetivos de incidencia que te hayas fijado (como legisladores, fiscales y jueces, polic\u00eda o medios de comunicaci\u00f3n).<\/p>\n<p>&nbsp;<\/p>\n<figure id=\"attachment_401\" aria-describedby=\"caption-attachment-401\" style=\"width: 467px\" class=\"wp-caption aligncenter\"><img loading=\"lazy\" class=\"wp-image-401\" src=\"https:\/\/toolkit.hivjusticeworldwide.org\/wp-content\/uploads\/2017\/01\/AdvocacyTargets-1024x755.jpg\" width=\"467\" height=\"345\" srcset=\"https:\/\/toolkit.hivjusticeworldwide.org\/wp-content\/uploads\/2017\/01\/AdvocacyTargets-1024x755.jpg 1024w, https:\/\/toolkit.hivjusticeworldwide.org\/wp-content\/uploads\/2017\/01\/AdvocacyTargets-300x221.jpg 300w, https:\/\/toolkit.hivjusticeworldwide.org\/wp-content\/uploads\/2017\/01\/AdvocacyTargets-768x567.jpg 768w, https:\/\/toolkit.hivjusticeworldwide.org\/wp-content\/uploads\/2017\/01\/AdvocacyTargets-1200x885.jpg 1200w\" sizes=\"(max-width: 467px) 100vw, 467px\" \/><figcaption id=\"caption-attachment-401\" class=\"wp-caption-text\">Posibles objetivos de incidencia sobre la criminalizaci\u00f3n del VIH: del informe \u2018<a href=\"http:\/\/www.hivjustice.net\/advancing2\">GNP+\/HJN Advancing HIV Justice 2<\/a>\u2019<\/figcaption><\/figure>\n<p>Si consideras que esta Herramienta te resulta \u00fatil y\/o dispones de recursos que te gustar\u00eda incluir en la misma, por favor <a href=\"http:\/\/www.hivjusticeworldwide.org\/en\/about\/contact-us\/\">contacta con nosotros<\/a>.<\/p>\n<p>&nbsp;<\/p>\n<p>CR\u00c9DITOS<\/p>\n<p>Bajo la direcci\u00f3n de Sally Cameron, Analista S\u00e9nior de Pol\u00edticas en la organizaci\u00f3n\u00a0<a href=\"http:\/\/www.hivjustice.net\">HIV Justice Network (HJN)<\/a>, con la colaboraci\u00f3n y asistencia del Coordinador Mundial de HJN, Edwin J. Bernard, y de la Coordinadora de Investigaci\u00f3n y Divulgaci\u00f3n de HJN, Sylvie Beaumont.<\/p>\n<p>Tambi\u00e9n queremos agradecer a los miembros del Comit\u00e9 Directivo de HIV JUSTICE WORLDWIDE por su apoyo y aportaciones adicionales.<\/p>\n<p>Dise\u00f1o Web: Thomas Patterson\/NAM<\/p>\n<p>Esta iniciativa cuenta con una subvenci\u00f3n concedida por el <a href=\"http:\/\/www.robertcarrfund.org\/\">Fondo para Redes de la sociedad civil Robert Carr<\/a>.<\/p>\n","protected":false},"excerpt":{"rendered":"<p>Esta Herramienta de HIV Justice tiene como objetivo apoyar los esfuerzos de incidencia que se oponen a la criminalizaci\u00f3n del VIH a todos los niveles (desde la educaci\u00f3n de comunidades y legisladores hasta la defensa de casos individuales). Aqu\u00ed se pueden encontrar todo tipo de recursos procedentes de todo el mundo, que esperamos resulten de [&hellip;]<\/p>\n","protected":false},"author":4,"featured_media":0,"parent":0,"menu_order":0,"comment_status":"closed","ping_status":"closed","template":"","meta":[],"_links":{"self":[{"href":"https:\/\/toolkit.hivjusticeworldwide.org\/es\/wp-json\/wp\/v2\/pages\/931"}],"collection":[{"href":"https:\/\/toolkit.hivjusticeworldwide.org\/es\/wp-json\/wp\/v2\/pages"}],"about":[{"href":"https:\/\/toolkit.hivjusticeworldwide.org\/es\/wp-json\/wp\/v2\/types\/page"}],"author":[{"embeddable":true,"href":"https:\/\/toolkit.hivjusticeworldwide.org\/es\/wp-json\/wp\/v2\/users\/4"}],"replies":[{"embeddable":true,"href":"https:\/\/toolkit.hivjusticeworldwide.org\/es\/wp-json\/wp\/v2\/comments?post=931"}],"version-history":[{"count":1,"href":"https:\/\/toolkit.hivjusticeworldwide.org\/es\/wp-json\/wp\/v2\/pages\/931\/revisions"}],"predecessor-version":[{"id":932,"href":"https:\/\/toolkit.hivjusticeworldwide.org\/es\/wp-json\/wp\/v2\/pages\/931\/revisions\/932"}],"wp:attachment":[{"href":"https:\/\/toolkit.hivjusticeworldwide.org\/es\/wp-json\/wp\/v2\/media?parent=931"}],"curies":[{"name":"wp","href":"https:\/\/api.w.org\/{rel}","templated":true}]}}